{"id":1947,"date":"2019-06-18T20:23:07","date_gmt":"2019-06-18T20:23:07","guid":{"rendered":"https:\/\/www.comederos-automaticos-producan.es\/producto\/comedero-automatico-para-perros-producan-15kilos-220v-copia\/"},"modified":"2026-02-17T10:01:16","modified_gmt":"2026-02-17T10:01:16","slug":"comedero-automatico-para-perros-producan-15kilos-220v","status":"publish","type":"product","link":"https:\/\/www.comederos-automaticos-producan.es\/fr\/produit\/comedero-automatico-para-perros-producan-15kilos-220v\/","title":{"rendered":"Comedero autom\u00e1tico para perros Producan 15 kilos con bateria incluida. Modelo P3 para uno o dos perros"},"content":{"rendered":"<ul>\n<li style=\"list-style-type: none;\">\n<ul>\n<li>Tolva programable modelo P3 con capacidad para 15 kilos de pienso con bater\u00eda y cargador incluidos, realizada en acero galvanizado y de f\u00e1cil programaci\u00f3n, funciona tanto conectada a la corriente con su propio cargador de bater\u00eda, como aut\u00f3noma en cualquier lugar sin suministro el\u00e9ctrico aliment\u00e1ndose de su propia bater\u00eda interna<\/li>\n<li>Este modelo de comedero autom\u00e1tico es el mas completo de nuestro catalogo, ya que funciona conect\u00e1ndolo a la red el\u00e9ctrica o con su propia bater\u00eda interna, trabajando\u00a0 aut\u00f3nomo ante un corte de energ\u00eda,<\/li>\n<li>Es ideal para fincas en las que no se dispone de suministro el\u00e9ctrico, o bien donde haya continuos cortes ya que no interrumpir\u00eda su funci\u00f3n.<\/li>\n<li>V\u00e1lido para exterior ya que est\u00e1 construido con materiales ip65 (resistente al agua).<\/li>\n<li>\u00a0la duraci\u00f3n de la bater\u00eda es aproximadamente de tres meses realizando 4 tomas diarias. A su vez incorpora un cargador de bater\u00eda para para realizar la recarga sacando la bater\u00eda de la propia tolva.<\/li>\n<li>Dispone de un comprobador de carga led con porcentajes para conocer el nivel de carga .<\/li>\n<li>Su programador esta preparado para los cortes ocasionales de corriente, manteniendo grabada la programaci\u00f3n por un largo periodo de tiempo aun sin estar conectado a Bater\u00eda o a red el\u00e9ctrica.<\/li>\n<li>Su\u00a0 sistema patentado de dosificaci\u00f3n, evita cualquier tipo de atasco del pienso, admitiendo cualquier tama\u00f1o de croqueta.<\/li>\n<li>Es ideal para perros grandes pudiendo dosificar un m\u00e1ximo de 17 raciones diarias a las horas deseadas.<\/li>\n<li>El nuevo dise\u00f1o NUEVO DISE\u00d1O de tapa, oculta el programador y el interruptor de encendido, quedando protegidos ante las mordeduras.<\/li>\n<li>Libre de mantenimiento y garantizado por 2 a\u00f1os.<\/li>\n<li>Medidas; 30x34x70cm\u00a0 \u00a0 \u00a0Peso: 12 kilos<\/li>\n<\/ul>\n<\/li>\n<\/ul>\n","protected":false},"excerpt":{"rendered":"<ul>\n<li>Tolva programable 220v con capacidad para 15 kilos de pienso con bater\u00eda y cargador incluidos, funciona tanto conectada a la corriente con su propio cargador de bater\u00eda, como aut\u00f3noma en cualquier lugar sin suministro el\u00e9ctrico aliment\u00e1ndose de su propia bater\u00eda interna.<\/li>\n<li>realizada en acero galvanizado y de f\u00e1cil programaci\u00f3n, funciona a 220v o a 12v. V\u00e1lido para exterior ya que est\u00e1 construido con materiales ip65 (resistente al agua).<\/li>\n<li>Este sistema de comedero autom\u00e1tico para perros le permitir\u00e1 alimentar a su mascota aun estando fuera de su domicilio<\/li>\n<li>Muy bajo consumo y funciona conect\u00e1ndolo directamente a la red el\u00e9ctrica. Incorpora una bater\u00eda interna que convierte este modelo en aut\u00f3nomo, pudiendo trabajar con su propia bater\u00eda interna..<\/li>\n<li>La duraci\u00f3n de su bater\u00eda recargable es de dos meses aproximadamente. Es conveniente realizar una carga cuando el indicador de nivel se encuentre entre el 75 y 50%<\/li>\n<li>Su\u00a0 sistema patentado de dosificaci\u00f3n, evita cualquier tipo de atasco del pienso, admitiendo cualquier tama\u00f1o de croqueta.<\/li>\n<li>Es ideal para perros grandes pudiendo dosificar un m\u00e1ximo de 20 raciones diarias de la cantidad y a las horas deseadas.<\/li>\n<li>Libre de mantenimiento y garantizado por 2 a\u00f1os.<\/li>\n<li>Medidas; 30x34x70cm\u00a0 \u00a0 \u00a0Peso: 13 kilos<\/li>\n<li>Fabricacion Nacional.<\/li>\n<\/ul>\n","protected":false},"featured_media":1542,"comment_status":"open","ping_status":"closed","template":"","meta":[],"product_cat":[32],"product_tag":[52,53,54],"yoast_head":"<!-- This site is optimized with the Yoast SEO plugin v20.0 - https:\/\/yoast.com\/wordpress\/plugins\/seo\/ -->\n<title>Comedero autom\u00e1tico para perros Producan 15 kilos con bateria incluida. Modelo P3 para uno o dos perros - Comederos autom\u00e1ticos para perros Producan comedero automatico para perros metalico 40 litros producan<\/title>\n<meta name=\"description\" content=\"comedero automatico metalico marca producan para exterior ideal para perros grandes\" \/>\n<meta name=\"robots\" content=\"index, follow, max-snippet:-1, max-image-preview:large, max-video-preview:-1\" \/>\n<link rel=\"canonical\" href=\"https:\/\/www.comederos-automaticos-producan.es\/fr\/produit\/comedero-automatico-para-perros-producan-15kilos-220v\/\" \/>\n<meta property=\"og:locale\" content=\"fr_FR\" \/>\n<meta property=\"og:type\" content=\"article\" \/>\n<meta property=\"og:title\" content=\"Comedero autom\u00e1tico para perros Producan 15 kilos con bateria incluida. Modelo P3 para uno o dos perros - Comederos autom\u00e1ticos para perros Producan comedero automatico para perros metalico 40 litros producan\" \/>\n<meta property=\"og:description\" content=\"comedero automatico metalico marca producan para exterior ideal para perros grandes\" \/>\n<meta property=\"og:url\" content=\"https:\/\/www.comederos-automaticos-producan.es\/fr\/produit\/comedero-automatico-para-perros-producan-15kilos-220v\/\" \/>\n<meta property=\"og:site_name\" content=\"Comederos autom\u00e1ticos para perros Producan\" \/>\n<meta property=\"article:modified_time\" content=\"2026-02-17T10:01:16+00:00\" \/>\n<meta property=\"og:image\" content=\"https:\/\/www.comederos-automaticos-producan.es\/wp-content\/uploads\/2019\/06\/montaje-tolva-sai-2_page-0001.jpg\" \/>\n\t<meta property=\"og:image:width\" content=\"1240\" \/>\n\t<meta property=\"og:image:height\" content=\"1754\" \/>\n\t<meta property=\"og:image:type\" content=\"image\/jpeg\" \/>\n<meta name=\"twitter:card\" content=\"summary_large_image\" \/>\n<meta name=\"twitter:label1\" content=\"Dur\u00e9e de lecture estim\u00e9e\" \/>\n\t<meta name=\"twitter:data1\" content=\"1 minute\" \/>\n<script type=\"application\/ld+json\" class=\"yoast-schema-graph\">{\"@context\":\"https:\/\/schema.org\",\"@graph\":[{\"@type\":\"WebPage\",\"@id\":\"https:\/\/www.comederos-automaticos-producan.es\/fr\/produit\/comedero-automatico-para-perros-producan-15kilos-220v\/\",\"url\":\"https:\/\/www.comederos-automaticos-producan.es\/fr\/produit\/comedero-automatico-para-perros-producan-15kilos-220v\/\",\"name\":\"Comedero autom\u00e1tico para perros Producan 15 kilos con bateria incluida. Modelo P3 para uno o dos perros - Comederos autom\u00e1ticos para perros Producan comedero automatico para perros metalico 40 litros producan\",\"isPartOf\":{\"@id\":\"https:\/\/www.comederos-automaticos-producan.es\/fr\/#website\"},\"datePublished\":\"2019-06-18T20:23:07+00:00\",\"dateModified\":\"2026-02-17T10:01:16+00:00\",\"description\":\"comedero automatico metalico marca producan para exterior ideal para perros grandes\",\"breadcrumb\":{\"@id\":\"https:\/\/www.comederos-automaticos-producan.es\/fr\/produit\/comedero-automatico-para-perros-producan-15kilos-220v\/#breadcrumb\"},\"inLanguage\":\"fr-FR\",\"potentialAction\":[{\"@type\":\"ReadAction\",\"target\":[\"https:\/\/www.comederos-automaticos-producan.es\/fr\/produit\/comedero-automatico-para-perros-producan-15kilos-220v\/\"]}]},{\"@type\":\"BreadcrumbList\",\"@id\":\"https:\/\/www.comederos-automaticos-producan.es\/fr\/produit\/comedero-automatico-para-perros-producan-15kilos-220v\/#breadcrumb\",\"itemListElement\":[{\"@type\":\"ListItem\",\"position\":1,\"name\":\"Portada\",\"item\":\"https:\/\/www.comederos-automaticos-producan.es\/fr\/\"},{\"@type\":\"ListItem\",\"position\":2,\"name\":\"Tienda\",\"item\":\"https:\/\/www.comederos-automaticos-producan.es\/tienda\/\"},{\"@type\":\"ListItem\",\"position\":3,\"name\":\"Comedero autom\u00e1tico para perros Producan 15 kilos con bateria incluida. Modelo P3 para uno o dos perros\"}]},{\"@type\":\"WebSite\",\"@id\":\"https:\/\/www.comederos-automaticos-producan.es\/fr\/#website\",\"url\":\"https:\/\/www.comederos-automaticos-producan.es\/fr\/\",\"name\":\"Comederos autom\u00e1ticos para perros Producan\",\"description\":\"Tolva dispensadora de comida para perros programable\",\"potentialAction\":[{\"@type\":\"SearchAction\",\"target\":{\"@type\":\"EntryPoint\",\"urlTemplate\":\"https:\/\/www.comederos-automaticos-producan.es\/fr\/?s={search_term_string}\"},\"query-input\":\"required name=search_term_string\"}],\"inLanguage\":\"fr-FR\"}]}<\/script>\n<!-- \/ Yoast SEO plugin. -->","yoast_head_json":{"title":"Comedero autom\u00e1tico para perros Producan 15 kilos con bateria incluida. Modelo P3 para uno o dos perros - Comederos autom\u00e1ticos para perros Producan comedero automatico para perros metalico 40 litros producan","description":"comedero automatico metalico marca producan para exterior ideal para perros grandes","robots":{"index":"index","follow":"follow","max-snippet":"max-snippet:-1","max-image-preview":"max-image-preview:large","max-video-preview":"max-video-preview:-1"},"canonical":"https:\/\/www.comederos-automaticos-producan.es\/fr\/produit\/comedero-automatico-para-perros-producan-15kilos-220v\/","og_locale":"fr_FR","og_type":"article","og_title":"Comedero autom\u00e1tico para perros Producan 15 kilos con bateria incluida. Modelo P3 para uno o dos perros - Comederos autom\u00e1ticos para perros Producan comedero automatico para perros metalico 40 litros producan","og_description":"comedero automatico metalico marca producan para exterior ideal para perros grandes","og_url":"https:\/\/www.comederos-automaticos-producan.es\/fr\/produit\/comedero-automatico-para-perros-producan-15kilos-220v\/","og_site_name":"Comederos autom\u00e1ticos para perros Producan","article_modified_time":"2026-02-17T10:01:16+00:00","og_image":[{"width":1240,"height":1754,"url":"https:\/\/www.comederos-automaticos-producan.es\/wp-content\/uploads\/2019\/06\/montaje-tolva-sai-2_page-0001.jpg","type":"image\/jpeg"}],"twitter_card":"summary_large_image","twitter_misc":{"Dur\u00e9e de lecture estim\u00e9e":"1 minute"},"schema":{"@context":"https:\/\/schema.org","@graph":[{"@type":"WebPage","@id":"https:\/\/www.comederos-automaticos-producan.es\/fr\/produit\/comedero-automatico-para-perros-producan-15kilos-220v\/","url":"https:\/\/www.comederos-automaticos-producan.es\/fr\/produit\/comedero-automatico-para-perros-producan-15kilos-220v\/","name":"Comedero autom\u00e1tico para perros Producan 15 kilos con bateria incluida. Modelo P3 para uno o dos perros - Comederos autom\u00e1ticos para perros Producan comedero automatico para perros metalico 40 litros producan","isPartOf":{"@id":"https:\/\/www.comederos-automaticos-producan.es\/fr\/#website"},"datePublished":"2019-06-18T20:23:07+00:00","dateModified":"2026-02-17T10:01:16+00:00","description":"comedero automatico metalico marca producan para exterior ideal para perros grandes","breadcrumb":{"@id":"https:\/\/www.comederos-automaticos-producan.es\/fr\/produit\/comedero-automatico-para-perros-producan-15kilos-220v\/#breadcrumb"},"inLanguage":"fr-FR","potentialAction":[{"@type":"ReadAction","target":["https:\/\/www.comederos-automaticos-producan.es\/fr\/produit\/comedero-automatico-para-perros-producan-15kilos-220v\/"]}]},{"@type":"BreadcrumbList","@id":"https:\/\/www.comederos-automaticos-producan.es\/fr\/produit\/comedero-automatico-para-perros-producan-15kilos-220v\/#breadcrumb","itemListElement":[{"@type":"ListItem","position":1,"name":"Portada","item":"https:\/\/www.comederos-automaticos-producan.es\/fr\/"},{"@type":"ListItem","position":2,"name":"Tienda","item":"https:\/\/www.comederos-automaticos-producan.es\/tienda\/"},{"@type":"ListItem","position":3,"name":"Comedero autom\u00e1tico para perros Producan 15 kilos con bateria incluida. Modelo P3 para uno o dos perros"}]},{"@type":"WebSite","@id":"https:\/\/www.comederos-automaticos-producan.es\/fr\/#website","url":"https:\/\/www.comederos-automaticos-producan.es\/fr\/","name":"Comederos autom\u00e1ticos para perros Producan","description":"Tolva dispensadora de comida para perros programable","potentialAction":[{"@type":"SearchAction","target":{"@type":"EntryPoint","urlTemplate":"https:\/\/www.comederos-automaticos-producan.es\/fr\/?s={search_term_string}"},"query-input":"required name=search_term_string"}],"inLanguage":"fr-FR"}]}},"_links":{"self":[{"href":"https:\/\/www.comederos-automaticos-producan.es\/fr\/wp-json\/wp\/v2\/product\/1947"}],"collection":[{"href":"https:\/\/www.comederos-automaticos-producan.es\/fr\/wp-json\/wp\/v2\/product"}],"about":[{"href":"https:\/\/www.comederos-automaticos-producan.es\/fr\/wp-json\/wp\/v2\/types\/product"}],"replies":[{"embeddable":true,"href":"https:\/\/www.comederos-automaticos-producan.es\/fr\/wp-json\/wp\/v2\/comments?post=1947"}],"wp:featuredmedia":[{"embeddable":true,"href":"https:\/\/www.comederos-automaticos-producan.es\/fr\/wp-json\/wp\/v2\/media\/1542"}],"wp:attachment":[{"href":"https:\/\/www.comederos-automaticos-producan.es\/fr\/wp-json\/wp\/v2\/media?parent=1947"}],"wp:term":[{"taxonomy":"product_cat","embeddable":true,"href":"https:\/\/www.comederos-automaticos-producan.es\/fr\/wp-json\/wp\/v2\/product_cat?post=1947"},{"taxonomy":"product_tag","embeddable":true,"href":"https:\/\/www.comederos-automaticos-producan.es\/fr\/wp-json\/wp\/v2\/product_tag?post=1947"}],"curies":[{"name":"wp","href":"https:\/\/api.w.org\/{rel}","templated":true}]}}