{"id":277,"date":"2017-02-03T08:41:20","date_gmt":"2017-02-03T08:41:20","guid":{"rendered":"http:\/\/www.comederos-automaticos-producan.es\/comederos-automaticos-para-perros-producan\/"},"modified":"2024-09-20T04:11:09","modified_gmt":"2024-09-20T04:11:09","slug":"comederos-automaticos-para-perros-producan-3","status":"publish","type":"page","link":"https:\/\/www.comederos-automaticos-producan.es\/fr\/","title":{"rendered":"Comederos automaticos para perros Producan"},"content":{"rendered":"<p>[et_pb_section fb_built=&#8221;1&#8243; background_image=&#8221;http:\/\/www.comederos-automaticos-producan.es\/wp-content\/uploads\/2017\/02\/comedero-automatico-perros-1920.jpg&#8221; background_video_mp4=&#8221;https:\/\/www.comederos-automaticos-producan.es\/wp-content\/uploads\/2020\/09\/Producan.mp4&#8243; background_video_height=&#8221;675px&#8221; padding_mobile=&#8221;off&#8221; fullwidth=&#8221;on&#8221; admin_label=&#8221;Secci\u00f3n&#8221;][et_pb_fullwidth_header title=&#8221;PRODUCAN&#8221; subhead=&#8221;Comederos dispensadores autom\u00e1ticos programables realizados en chapa de acero galvanizado de gran robustez y con capacidad para 15 kilos de pienso.&#8221; background_layout=&#8221;dark&#8221; text_orientation=&#8221;center&#8221; button_one_text=&#8221;COMPRAR&#8221; button_one_url=&#8221;http:\/\/www.comederos-automaticos-producan.es\/alimentador-automatico-producan\/&#8221; background_overlay_color=&#8221;rgba(0,0,0,0.3)&#8221; admin_label=&#8221;VIDEO&#8221;][\/et_pb_fullwidth_header][\/et_pb_section][et_pb_section fb_built=&#8221;1&#8243; custom_padding=&#8221;0px|0px|0px|0px&#8221; padding_mobile=&#8221;off&#8221; admin_label=&#8221;Secci\u00f3n&#8221;][et_pb_row admin_label=&#8221;Fila&#8221;][et_pb_column type=&#8221;4_4&#8243; parallax=&#8221;off&#8221; parallax_method=&#8221;on&#8221;][et_pb_text admin_label=&#8221;Texto&#8221;]<\/p>\n<h2 style=\"text-decoration: underline; text-align: center;\">Qu\u00e9 tipos de comederos autom\u00e1ticos para perros ofrecemos<\/h2>\n<p style=\"text-align: center; font-size: 20px;\">Disponemos de 2\u00a0<strong>modelos de comederos autom\u00e1ticos con diferente tipo de alimentaci\u00f3n el\u00e9ctrica<\/strong>. Asimismo contamos con la opci\u00f3n de <strong>comedero simple<\/strong> o <strong>comedero doble<\/strong> (suministrando en este \u00faltimo caso el alimento por las dos caras, lo que lo hace ideal para dos perros).<\/p>\n<p>[\/et_pb_text][et_pb_shop posts_number=&#8221;6&#8243; include_categories=&#8221;sin-categorizar&#8221; columns_number=&#8221;3&#8243; orderby=&#8221;popularity&#8221; admin_label=&#8221;PRODUCTOSPORTADA&#8221;][\/et_pb_shop][\/et_pb_column][\/et_pb_row][et_pb_row parallax_method_1=&#8221;off&#8221; parallax_method_2=&#8221;off&#8221; disabled_on=&#8221;on|on|on&#8221; admin_label=&#8221;Fila&#8221; disabled=&#8221;on&#8221;][et_pb_column type=&#8221;1_3&#8243; parallax=&#8221;off&#8221; parallax_method=&#8221;off&#8221;][et_pb_image src=&#8221;https:\/\/www.comederos-automaticos-producan.es\/wp-content\/uploads\/2019\/12\/IMG_20200109_234906.jpg&#8221; title_text=&#8221;alt%22comederos automaticos perros&#8221; animation=&#8221;off&#8221; align=&#8221;center&#8221; force_fullwidth=&#8221;on&#8221; admin_label=&#8221;Imagen&#8221; custom_css_main_element=&#8221;box-shadow: 3px 3px 5px grey!important&#8221;]<\/p>\n<p>\u00a0<\/p>\n<p>[\/et_pb_image][\/et_pb_column][et_pb_column type=&#8221;2_3&#8243; parallax=&#8221;off&#8221; parallax_method=&#8221;off&#8221;][\/et_pb_column][\/et_pb_row][\/et_pb_section][et_pb_section fb_built=&#8221;1&#8243; background_color=&#8221;#f5f5f5&#8243; padding_mobile=&#8221;off&#8221; admin_label=&#8221;Secci\u00f3n&#8221;][et_pb_row custom_padding=&#8221;||0px|&#8221; parallax_method_1=&#8221;off&#8221; parallax_method_2=&#8221;off&#8221; admin_label=&#8221;Fila&#8221;][et_pb_column type=&#8221;1_2&#8243; parallax=&#8221;off&#8221; parallax_method=&#8221;off&#8221;][\/et_pb_column][et_pb_column type=&#8221;1_2&#8243; parallax=&#8221;off&#8221; parallax_method=&#8221;off&#8221;][et_pb_text text_orientation=&#8221;center&#8221; admin_label=&#8221;Texto COMEDERO AUTOMATICO MODELO DOBLE&#8221;]<\/p>\n<h2 style=\"text-decoration: underline; text-align: center;\">Comedero autom\u00e1tico modelo doble<\/h2>\n<p>[\/et_pb_text][\/et_pb_column][\/et_pb_row][et_pb_row padding_mobile=&#8221;off&#8221; column_padding_mobile=&#8221;on&#8221; parallax_method_1=&#8221;off&#8221; parallax_method_2=&#8221;off&#8221; custom_css_main_1=&#8221;outline: 1px solid lightgrey;||padding: 1em;&#8221; admin_label=&#8221;Fila&#8221;][et_pb_column type=&#8221;1_2&#8243; custom_css_main=&#8221;outline: 1px solid lightgrey;||padding: 1em;&#8221; parallax=&#8221;off&#8221; parallax_method=&#8221;off&#8221; column_padding_mobile=&#8221;on&#8221;][et_pb_code admin_label=&#8221;video&#8221;]&lt;iframe width=&quot;560&quot; height=&quot;315&quot; src=&quot;https:\/\/www.youtube.com\/embed\/tLV3lkejOp0&quot; frameborder=&quot;0&quot; allow=&quot;accelerometer; autoplay; clipboard-write; encrypted-media; gyroscope; picture-in-picture&quot; allowfullscreen&gt;&lt;\/iframe&gt;[\/et_pb_code][\/et_pb_column][et_pb_column type=&#8221;1_4&#8243; parallax=&#8221;off&#8221; parallax_method=&#8221;off&#8221; column_padding_mobile=&#8221;on&#8221;][et_pb_code admin_label=&#8221;video&#8221;]&lt;video src=&quot;https:\/\/www.comederos-automaticos-producan.es\/wp-content\/uploads\/2020\/10\/VID-20200508-WA0012.mp4&quot; autoplay muted style=&quot; padding: 0 30px;&quot;&gt;[\/et_pb_code][\/et_pb_column][et_pb_column type=&#8221;1_4&#8243; parallax=&#8221;off&#8221; parallax_method=&#8221;on&#8221; column_padding_mobile=&#8221;on&#8221;][et_pb_image src=&#8221;https:\/\/www.comederos-automaticos-producan.es\/wp-content\/uploads\/2020\/10\/doble-comedero-automatico-producan.jpeg&#8221; admin_label=&#8221;Imagen&#8221;][\/et_pb_image][et_pb_image src=&#8221;https:\/\/www.comederos-automaticos-producan.es\/wp-content\/uploads\/2017\/05\/comederos-automaticos-para-perros-producan.jpg&#8221; admin_label=&#8221;Imagen&#8221;][\/et_pb_image][\/et_pb_column][\/et_pb_row][\/et_pb_section][et_pb_section fb_built=&#8221;1&#8243; background_image=&#8221;https:\/\/www.comederos-automaticos-producan.es\/wp-content\/uploads\/2017\/02\/comederos-automaticos-producan-3-2.png&#8221; custom_padding=&#8221;100px||100px|&#8221; padding_mobile=&#8221;off&#8221; admin_label=&#8221;Secci\u00f3n&#8221; custom_css_main_element=&#8221; background-size: contain;|| background-position: 100%;&#8221;][et_pb_row admin_label=&#8221;Fila&#8221;][et_pb_column type=&#8221;2_3&#8243; parallax=&#8221;off&#8221; parallax_method=&#8221;on&#8221;][et_pb_text admin_label=&#8221;Texto&#8221;]<\/p>\n<h1>Comederos autom\u00e1ticos para perros PRODUCAN<\/h1>\n<p><span style=\"font-size: 18px;\">La mejor soluci\u00f3n para la alimentaci\u00f3n de tu perro<\/span><\/p>\n<p>Disponemos de comederos dispensadores autom\u00e1ticos programables realizados en chapa de acero galvanizado de gran robustez y con capacidad para 15 kilos de pienso.<\/p>\n<p>Con una sencilla programaci\u00f3n podr\u00e1s suministrar de manera automatica a la hora que desees la cantidad comida que tu perro necesita para estar bien alimentado.<\/p>\n<p>[\/et_pb_text][\/et_pb_column][et_pb_column type=&#8221;1_3&#8243; parallax=&#8221;off&#8221; parallax_method=&#8221;on&#8221;][\/et_pb_column][\/et_pb_row][\/et_pb_section][et_pb_section fb_built=&#8221;1&#8243; background_color=&#8221;#54866e&#8221; padding_mobile=&#8221;off&#8221; admin_label=&#8221;Secci\u00f3n&#8221;][et_pb_row admin_label=&#8221;Fila&#8221;][et_pb_column type=&#8221;4_4&#8243; parallax=&#8221;off&#8221; parallax_method=&#8221;on&#8221;][et_pb_text background_layout=&#8221;dark&#8221; admin_label=&#8221;Texto&#8221;]<\/p>\n<p>Podr\u00e1s dejar atendida a tu mascota estando fuera de casa, lo cual es ideal para las vacaciones, las segundas residencias o simplemente para utilizar a diario por comodidad, liber\u00e1ndote del horario estricto para estar en casa, ya que a los perros les gusta comer siempre a la misma hora.<\/p>\n<p>Basta simplemente programar la hora a la que quiera que se dispense el alimento y el dispensador har\u00e1 su trabajo.<\/p>\n<p>Adem\u00e1s con este tipo de tolva digital programable evitar\u00e1s el sobrepeso de tu mascota pues solo le da la cantidad que se programe, evitando asi sobrealimentacion.<\/p>\n<p>V\u00e1lida para cualquier tipo de pienso.<\/p>\n<p>Preparado para el exterior al estar fabricado en chapa de acero galvanizado muy resistente a las inclemencias del tiempo y a la humedad.<\/p>\n<p>Medidas: 30x34x70 cm<\/p>\n<p>[\/et_pb_text][\/et_pb_column][\/et_pb_row][\/et_pb_section][et_pb_section fb_built=&#8221;1&#8243; background_image=&#8221;http:\/\/www.comederos-automaticos-producan.es\/wp-content\/uploads\/2017\/02\/dispensador-electrico-perros.jpg&#8221; custom_padding=&#8221;100px||100px|&#8221; padding_mobile=&#8221;off&#8221; admin_label=&#8221;Secci\u00f3n&#8221; custom_css_main_element=&#8221; background-size: contain;|| background-position: 0;&#8221;][et_pb_row admin_label=&#8221;Fila&#8221;][et_pb_column type=&#8221;1_3&#8243; parallax=&#8221;off&#8221; parallax_method=&#8221;on&#8221;][\/et_pb_column][et_pb_column type=&#8221;2_3&#8243; parallax=&#8221;off&#8221; parallax_method=&#8221;on&#8221;][et_pb_text admin_label=&#8221;Texto&#8221;]<\/p>\n<h2>Producan es ideal para razas de perros medianos y grandes<\/h2>\n<p>Pastor alem\u00e1n, airedale terrier, mast\u00edn , gran dan\u00e9s, akita americano, alaskan malamute, pastor ingles ,billy ,Boerboel , Boxer , Braco Aleman, collie, dalmata, Dobermann, Dogo argentino, Galgo afgano, Golden Retriever, Husky Siberiano, Labrador Retriever, pastor Australiano, Pastor belga, podencos,rottweiler, samolledo, schnauzer, Setter ingles, shar pei, spaniel.<\/p>\n<p>[\/et_pb_text][\/et_pb_column][\/et_pb_row][\/et_pb_section]<\/p>\n","protected":false},"excerpt":{"rendered":"<p>[et_pb_section fb_built=&#8221;1&#8243; background_image=&#8221;http:\/\/www.comederos-automaticos-producan.es\/wp-content\/uploads\/2017\/02\/comedero-automatico-perros-1920.jpg&#8221; background_video_mp4=&#8221;https:\/\/www.comederos-automaticos-producan.es\/wp-content\/uploads\/2020\/09\/Producan.mp4&#8243; background_video_height=&#8221;675px&#8221; padding_mobile=&#8221;off&#8221; fullwidth=&#8221;on&#8221; admin_label=&#8221;Secci\u00f3n&#8221;][et_pb_fullwidth_header title=&#8221;PRODUCAN&#8221; subhead=&#8221;Comederos dispensadores autom\u00e1ticos programables realizados en chapa de acero galvanizado de gran robustez y con capacidad para 15 kilos de pienso.&#8221; background_layout=&#8221;dark&#8221; text_orientation=&#8221;center&#8221; button_one_text=&#8221;COMPRAR&#8221; button_one_url=&#8221;http:\/\/www.comederos-automaticos-producan.es\/alimentador-automatico-producan\/&#8221; background_overlay_color=&#8221;rgba(0,0,0,0.3)&#8221; admin_label=&#8221;VIDEO&#8221;][\/et_pb_fullwidth_header][\/et_pb_section][et_pb_section fb_built=&#8221;1&#8243; custom_padding=&#8221;0px|0px|0px|0px&#8221; padding_mobile=&#8221;off&#8221; admin_label=&#8221;Secci\u00f3n&#8221;][et_pb_row admin_label=&#8221;Fila&#8221;][et_pb_column type=&#8221;4_4&#8243; parallax=&#8221;off&#8221; parallax_method=&#8221;on&#8221;][et_pb_text admin_label=&#8221;Texto&#8221;] Qu\u00e9 tipos de comederos autom\u00e1ticos para perros ofrecemos Disponemos de [&hellip;]<\/p>\n","protected":false},"author":1,"featured_media":0,"parent":0,"menu_order":0,"comment_status":"closed","ping_status":"closed","template":"","meta":[],"yoast_head":"<!-- This site is optimized with the Yoast SEO plugin v20.0 - https:\/\/yoast.com\/wordpress\/plugins\/seo\/ -->\n<title>Comederos automaticos para perros Producan - Comederos autom\u00e1ticos para perros Producan<\/title>\n<meta name=\"robots\" content=\"index, follow, max-snippet:-1, max-image-preview:large, max-video-preview:-1\" \/>\n<link rel=\"canonical\" href=\"https:\/\/www.comederos-automaticos-producan.es\/fr\/\" \/>\n<meta property=\"og:locale\" content=\"fr_FR\" \/>\n<meta property=\"og:type\" content=\"article\" \/>\n<meta property=\"og:title\" content=\"Comederos automaticos para perros Producan - Comederos autom\u00e1ticos para perros Producan\" \/>\n<meta property=\"og:description\" content=\"[et_pb_section fb_built=&#8221;1&#8243; background_image=&#8221;http:\/\/www.comederos-automaticos-producan.es\/wp-content\/uploads\/2017\/02\/comedero-automatico-perros-1920.jpg&#8221; background_video_mp4=&#8221;https:\/\/www.comederos-automaticos-producan.es\/wp-content\/uploads\/2020\/09\/Producan.mp4&#8243; background_video_height=&#8221;675px&#8221; padding_mobile=&#8221;off&#8221; fullwidth=&#8221;on&#8221; admin_label=&#8221;Secci\u00f3n&#8221;][et_pb_fullwidth_header title=&#8221;PRODUCAN&#8221; subhead=&#8221;Comederos dispensadores autom\u00e1ticos programables realizados en chapa de acero galvanizado de gran robustez y con capacidad para 15 kilos de pienso.&#8221; background_layout=&#8221;dark&#8221; text_orientation=&#8221;center&#8221; button_one_text=&#8221;COMPRAR&#8221; button_one_url=&#8221;http:\/\/www.comederos-automaticos-producan.es\/alimentador-automatico-producan\/&#8221; background_overlay_color=&#8221;rgba(0,0,0,0.3)&#8221; admin_label=&#8221;VIDEO&#8221;][\/et_pb_fullwidth_header][\/et_pb_section][et_pb_section fb_built=&#8221;1&#8243; custom_padding=&#8221;0px|0px|0px|0px&#8221; padding_mobile=&#8221;off&#8221; admin_label=&#8221;Secci\u00f3n&#8221;][et_pb_row admin_label=&#8221;Fila&#8221;][et_pb_column type=&#8221;4_4&#8243; parallax=&#8221;off&#8221; parallax_method=&#8221;on&#8221;][et_pb_text admin_label=&#8221;Texto&#8221;] Qu\u00e9 tipos de comederos autom\u00e1ticos para perros ofrecemos Disponemos de [&hellip;]\" \/>\n<meta property=\"og:url\" content=\"https:\/\/www.comederos-automaticos-producan.es\/fr\/\" \/>\n<meta property=\"og:site_name\" content=\"Comederos autom\u00e1ticos para perros Producan\" \/>\n<meta property=\"article:modified_time\" content=\"2024-09-20T04:11:09+00:00\" \/>\n<meta name=\"twitter:card\" content=\"summary_large_image\" \/>\n<meta name=\"twitter:label1\" content=\"Dur\u00e9e de lecture estim\u00e9e\" \/>\n\t<meta name=\"twitter:data1\" content=\"5 minutes\" \/>\n<script type=\"application\/ld+json\" class=\"yoast-schema-graph\">{\"@context\":\"https:\/\/schema.org\",\"@graph\":[{\"@type\":\"WebPage\",\"@id\":\"https:\/\/www.comederos-automaticos-producan.es\/fr\/\",\"url\":\"https:\/\/www.comederos-automaticos-producan.es\/fr\/\",\"name\":\"Comederos automaticos para perros Producan - Comederos autom\u00e1ticos para perros Producan\",\"isPartOf\":{\"@id\":\"https:\/\/www.comederos-automaticos-producan.es\/fr\/#website\"},\"datePublished\":\"2017-02-03T08:41:20+00:00\",\"dateModified\":\"2024-09-20T04:11:09+00:00\",\"breadcrumb\":{\"@id\":\"https:\/\/www.comederos-automaticos-producan.es\/fr\/#breadcrumb\"},\"inLanguage\":\"fr-FR\",\"potentialAction\":[{\"@type\":\"ReadAction\",\"target\":[\"https:\/\/www.comederos-automaticos-producan.es\/fr\/\"]}]},{\"@type\":\"BreadcrumbList\",\"@id\":\"https:\/\/www.comederos-automaticos-producan.es\/fr\/#breadcrumb\",\"itemListElement\":[{\"@type\":\"ListItem\",\"position\":1,\"name\":\"Portada\",\"item\":\"https:\/\/www.comederos-automaticos-producan.es\/fr\/\"},{\"@type\":\"ListItem\",\"position\":2,\"name\":\"Comederos automaticos para perros Producan\"}]},{\"@type\":\"WebSite\",\"@id\":\"https:\/\/www.comederos-automaticos-producan.es\/fr\/#website\",\"url\":\"https:\/\/www.comederos-automaticos-producan.es\/fr\/\",\"name\":\"Comederos autom\u00e1ticos para perros Producan\",\"description\":\"Tolva dispensadora de comida para perros programable\",\"potentialAction\":[{\"@type\":\"SearchAction\",\"target\":{\"@type\":\"EntryPoint\",\"urlTemplate\":\"https:\/\/www.comederos-automaticos-producan.es\/fr\/?s={search_term_string}\"},\"query-input\":\"required name=search_term_string\"}],\"inLanguage\":\"fr-FR\"}]}<\/script>\n<!-- \/ Yoast SEO plugin. -->","yoast_head_json":{"title":"Comederos automaticos para perros Producan - Comederos autom\u00e1ticos para perros Producan","robots":{"index":"index","follow":"follow","max-snippet":"max-snippet:-1","max-image-preview":"max-image-preview:large","max-video-preview":"max-video-preview:-1"},"canonical":"https:\/\/www.comederos-automaticos-producan.es\/fr\/","og_locale":"fr_FR","og_type":"article","og_title":"Comederos automaticos para perros Producan - Comederos autom\u00e1ticos para perros Producan","og_description":"[et_pb_section fb_built=&#8221;1&#8243; background_image=&#8221;http:\/\/www.comederos-automaticos-producan.es\/wp-content\/uploads\/2017\/02\/comedero-automatico-perros-1920.jpg&#8221; background_video_mp4=&#8221;https:\/\/www.comederos-automaticos-producan.es\/wp-content\/uploads\/2020\/09\/Producan.mp4&#8243; background_video_height=&#8221;675px&#8221; padding_mobile=&#8221;off&#8221; fullwidth=&#8221;on&#8221; admin_label=&#8221;Secci\u00f3n&#8221;][et_pb_fullwidth_header title=&#8221;PRODUCAN&#8221; subhead=&#8221;Comederos dispensadores autom\u00e1ticos programables realizados en chapa de acero galvanizado de gran robustez y con capacidad para 15 kilos de pienso.&#8221; background_layout=&#8221;dark&#8221; text_orientation=&#8221;center&#8221; button_one_text=&#8221;COMPRAR&#8221; button_one_url=&#8221;http:\/\/www.comederos-automaticos-producan.es\/alimentador-automatico-producan\/&#8221; background_overlay_color=&#8221;rgba(0,0,0,0.3)&#8221; admin_label=&#8221;VIDEO&#8221;][\/et_pb_fullwidth_header][\/et_pb_section][et_pb_section fb_built=&#8221;1&#8243; custom_padding=&#8221;0px|0px|0px|0px&#8221; padding_mobile=&#8221;off&#8221; admin_label=&#8221;Secci\u00f3n&#8221;][et_pb_row admin_label=&#8221;Fila&#8221;][et_pb_column type=&#8221;4_4&#8243; parallax=&#8221;off&#8221; parallax_method=&#8221;on&#8221;][et_pb_text admin_label=&#8221;Texto&#8221;] Qu\u00e9 tipos de comederos autom\u00e1ticos para perros ofrecemos Disponemos de [&hellip;]","og_url":"https:\/\/www.comederos-automaticos-producan.es\/fr\/","og_site_name":"Comederos autom\u00e1ticos para perros Producan","article_modified_time":"2024-09-20T04:11:09+00:00","twitter_card":"summary_large_image","twitter_misc":{"Dur\u00e9e de lecture estim\u00e9e":"5 minutes"},"schema":{"@context":"https:\/\/schema.org","@graph":[{"@type":"WebPage","@id":"https:\/\/www.comederos-automaticos-producan.es\/fr\/","url":"https:\/\/www.comederos-automaticos-producan.es\/fr\/","name":"Comederos automaticos para perros Producan - Comederos autom\u00e1ticos para perros Producan","isPartOf":{"@id":"https:\/\/www.comederos-automaticos-producan.es\/fr\/#website"},"datePublished":"2017-02-03T08:41:20+00:00","dateModified":"2024-09-20T04:11:09+00:00","breadcrumb":{"@id":"https:\/\/www.comederos-automaticos-producan.es\/fr\/#breadcrumb"},"inLanguage":"fr-FR","potentialAction":[{"@type":"ReadAction","target":["https:\/\/www.comederos-automaticos-producan.es\/fr\/"]}]},{"@type":"BreadcrumbList","@id":"https:\/\/www.comederos-automaticos-producan.es\/fr\/#breadcrumb","itemListElement":[{"@type":"ListItem","position":1,"name":"Portada","item":"https:\/\/www.comederos-automaticos-producan.es\/fr\/"},{"@type":"ListItem","position":2,"name":"Comederos automaticos para perros Producan"}]},{"@type":"WebSite","@id":"https:\/\/www.comederos-automaticos-producan.es\/fr\/#website","url":"https:\/\/www.comederos-automaticos-producan.es\/fr\/","name":"Comederos autom\u00e1ticos para perros Producan","description":"Tolva dispensadora de comida para perros programable","potentialAction":[{"@type":"SearchAction","target":{"@type":"EntryPoint","urlTemplate":"https:\/\/www.comederos-automaticos-producan.es\/fr\/?s={search_term_string}"},"query-input":"required name=search_term_string"}],"inLanguage":"fr-FR"}]}},"_links":{"self":[{"href":"https:\/\/www.comederos-automaticos-producan.es\/fr\/wp-json\/wp\/v2\/pages\/277"}],"collection":[{"href":"https:\/\/www.comederos-automaticos-producan.es\/fr\/wp-json\/wp\/v2\/pages"}],"about":[{"href":"https:\/\/www.comederos-automaticos-producan.es\/fr\/wp-json\/wp\/v2\/types\/page"}],"author":[{"embeddable":true,"href":"https:\/\/www.comederos-automaticos-producan.es\/fr\/wp-json\/wp\/v2\/users\/1"}],"replies":[{"embeddable":true,"href":"https:\/\/www.comederos-automaticos-producan.es\/fr\/wp-json\/wp\/v2\/comments?post=277"}],"version-history":[{"count":8,"href":"https:\/\/www.comederos-automaticos-producan.es\/fr\/wp-json\/wp\/v2\/pages\/277\/revisions"}],"predecessor-version":[{"id":22004,"href":"https:\/\/www.comederos-automaticos-producan.es\/fr\/wp-json\/wp\/v2\/pages\/277\/revisions\/22004"}],"wp:attachment":[{"href":"https:\/\/www.comederos-automaticos-producan.es\/fr\/wp-json\/wp\/v2\/media?parent=277"}],"curies":[{"name":"wp","href":"https:\/\/api.w.org\/{rel}","templated":true}]}}